{"id":791,"date":"2019-07-16T19:08:37","date_gmt":"2019-07-16T19:08:37","guid":{"rendered":"http:\/\/dublagembrasileira.com.br\/?page_id=791"},"modified":"2019-08-20T14:10:40","modified_gmt":"2019-08-20T14:10:40","slug":"termos-de-uso-e-responsabilidade","status":"publish","type":"page","link":"https:\/\/dublagembrasileira.com.br\/?page_id=791","title":{"rendered":"Pol\u00edtica de coment\u00e1rios"},"content":{"rendered":"<hr \/>\n<p style=\"text-align: justify;\">Para postar seus coment\u00e1rios sobre as mat\u00e9rias publicadas no site <strong>DB &#8211; Dublagem Brasileira<\/strong> voc\u00ea precisa se cadastrar no <strong>Disqus<\/strong> de forma r\u00e1pida e gratuita.<\/p>\n<p>&nbsp;<\/p>\n<p style=\"text-align: justify;\"><strong>Antes de postar alguma mensagem esteja ciente que:<\/strong><\/p>\n<p style=\"text-align: justify;\">&#8211; O <strong>DB &#8211; Dublagem Brasileira<\/strong> disponibiliza este espa\u00e7o exclusivamente para que seus visitantes expressem suas opini\u00f5es e debatam as mat\u00e9rias veiculadas no site.<\/p>\n<hr \/>\n<p style=\"text-align: justify;\">&#8211; N\u00e3o ser\u00e1 admitido o uso deste espa\u00e7o para veicula\u00e7\u00e3o de propaganda, spam ou qualquer outra finalidade que n\u00e3o a discuss\u00e3o dos temas do site.<\/p>\n<hr \/>\n<p style=\"text-align: justify;\">&#8211; As opini\u00f5es expressas na \u00e1rea de coment\u00e1rios s\u00e3o exclusivamente de seus autores, e n\u00e3o necessariamente refletem a opini\u00e3o do <strong>DB &#8211; Dublagem Brasileira<\/strong> e de seus editores sobre o assunto.<\/p>\n<hr \/>\n<p style=\"text-align: justify;\">&#8211; Os autores dos coment\u00e1rios s\u00e3o civil e criminalmente respons\u00e1veis por publicar qualquer conte\u00fado que viole a lei (incluindo crimes contra a honra, amea\u00e7a, preconceito e discrimina\u00e7\u00e3o).<\/p>\n<hr \/>\n<p style=\"text-align: justify;\">&#8211; Os usu\u00e1rios que se sentirem ofendidos por quaisquer coment\u00e1rios publicados no site poder\u00e3o denunci\u00e1-los ao <strong>DB &#8211; Dublagem Brasileira<\/strong>. Clique <a href=\"http:\/\/dublagembrasileira.com.br\/?page_id=26\">aqui<\/a> para isso.<\/p>\n<hr \/>\n<p style=\"text-align: justify;\">&#8211; O <strong>DB &#8211; Dublagem Brasileira<\/strong> reserva-se o direito de, independentemente de qualquer aviso ao autor, <strong>EXCLUIR<\/strong> qualquer coment\u00e1rio que, a seu exclusivo crit\u00e9rio, considere ofensivo ao seu pessoal ou a qualquer terceiro, bem como a bloquear o acesso de qualquer usu\u00e1rio ao espa\u00e7o de coment\u00e1rios, caso julgue necess\u00e1rio..<\/p>\n","protected":false},"excerpt":{"rendered":"<p>Para postar seus coment\u00e1rios sobre as mat\u00e9rias publicadas no site DB &#8211; Dublagem Brasileira voc\u00ea precisa se cadastrar no Disqus de forma r\u00e1pida e gratuita. &nbsp; Antes de postar alguma mensagem esteja ciente que: &#8211; O DB &#8211; Dublagem Brasileira disponibiliza este espa\u00e7o exclusivamente para que seus visitantes expressem suas opini\u00f5es e debatam as mat\u00e9rias veiculadas no site. &#8211; N\u00e3o ser\u00e1 admitido o uso deste espa\u00e7o para veicula\u00e7\u00e3o de propaganda, spam ou qualquer outra finalidade que n\u00e3o a discuss\u00e3o dos temas do site. &#8211; As opini\u00f5es expressas na \u00e1rea de coment\u00e1rios s\u00e3o exclusivamente de seus autores, e n\u00e3o necessariamente refletem a opini\u00e3o do DB &#8211; Dublagem Brasileira e de seus editores sobre o assunto. &#8211; Os autores dos coment\u00e1rios s\u00e3o civil e criminalmente respons\u00e1veis por publicar qualquer conte\u00fado que viole a lei (incluindo crimes contra a honra, amea\u00e7a, preconceito e discrimina\u00e7\u00e3o). &#8211; Os usu\u00e1rios que se sentirem ofendidos por quaisquer coment\u00e1rios publicados no site poder\u00e3o denunci\u00e1-los ao DB &#8211; Dublagem Brasileira. Clique aqui para isso. &#8211; O DB &#8211; Dublagem Brasileira reserva-se o direito de, independentemente de qualquer aviso ao autor, EXCLUIR qualquer coment\u00e1rio que, a seu exclusivo crit\u00e9rio, considere ofensivo ao seu pessoal ou a qualquer terceiro, bem como a bloquear o acesso de qualquer usu\u00e1rio ao espa\u00e7o de coment\u00e1rios, caso julgue necess\u00e1rio..<\/p>\n","protected":false},"author":1,"featured_media":0,"parent":0,"menu_order":0,"comment_status":"closed","ping_status":"closed","template":"","meta":{"_monsterinsights_skip_tracking":false,"_monsterinsights_sitenote_active":false,"_monsterinsights_sitenote_note":"","_monsterinsights_sitenote_category":0,"footnotes":""},"class_list":["post-791","page","type-page","status-publish","hentry"],"yoast_head":"<!-- This site is optimized with the Yoast SEO plugin v26.1.1 - https:\/\/yoast.com\/wordpress\/plugins\/seo\/ -->\n<title>Pol\u00edtica de coment\u00e1rios | DB - Dublagem Brasileira<\/title>\n<meta name=\"robots\" content=\"index, follow, max-snippet:-1, max-image-preview:large, max-video-preview:-1\" \/>\n<link rel=\"canonical\" href=\"https:\/\/dublagembrasileira.com.br\/?page_id=791\" \/>\n<meta property=\"og:locale\" content=\"pt_BR\" \/>\n<meta property=\"og:type\" content=\"article\" \/>\n<meta property=\"og:title\" content=\"Pol\u00edtica de coment\u00e1rios | DB - Dublagem Brasileira\" \/>\n<meta property=\"og:description\" content=\"Para postar seus coment\u00e1rios sobre as mat\u00e9rias publicadas no site DB &#8211; Dublagem Brasileira voc\u00ea precisa se cadastrar no Disqus de forma r\u00e1pida e gratuita. &nbsp; Antes de postar alguma mensagem esteja ciente que: &#8211; O DB &#8211; Dublagem Brasileira disponibiliza este espa\u00e7o exclusivamente para que seus visitantes expressem suas opini\u00f5es e debatam as mat\u00e9rias veiculadas no site. &#8211; N\u00e3o ser\u00e1 admitido o uso deste espa\u00e7o para veicula\u00e7\u00e3o de propaganda, spam ou qualquer outra finalidade que n\u00e3o a discuss\u00e3o dos temas do site. &#8211; As opini\u00f5es expressas na \u00e1rea de coment\u00e1rios s\u00e3o exclusivamente de seus autores, e n\u00e3o necessariamente refletem a opini\u00e3o do DB &#8211; Dublagem Brasileira e de seus editores sobre o assunto. &#8211; Os autores dos coment\u00e1rios s\u00e3o civil e criminalmente respons\u00e1veis por publicar qualquer conte\u00fado que viole a lei (incluindo crimes contra a honra, amea\u00e7a, preconceito e discrimina\u00e7\u00e3o). &#8211; Os usu\u00e1rios que se sentirem ofendidos por quaisquer coment\u00e1rios publicados no site poder\u00e3o denunci\u00e1-los ao DB &#8211; Dublagem Brasileira. Clique aqui para isso. &#8211; O DB &#8211; Dublagem Brasileira reserva-se o direito de, independentemente de qualquer aviso ao autor, EXCLUIR qualquer coment\u00e1rio que, a seu exclusivo crit\u00e9rio, considere ofensivo ao seu pessoal ou a qualquer terceiro, bem como a bloquear o acesso de qualquer usu\u00e1rio ao espa\u00e7o de coment\u00e1rios, caso julgue necess\u00e1rio..\" \/>\n<meta property=\"og:url\" content=\"https:\/\/dublagembrasileira.com.br\/?page_id=791\" \/>\n<meta property=\"og:site_name\" content=\"DB - Dublagem Brasileira\" \/>\n<meta property=\"article:modified_time\" content=\"2019-08-20T14:10:40+00:00\" \/>\n<meta name=\"twitter:card\" content=\"summary_large_image\" \/>\n<meta name=\"twitter:label1\" content=\"Est. tempo de leitura\" \/>\n\t<meta name=\"twitter:data1\" content=\"1 minuto\" \/>\n<script type=\"application\/ld+json\" class=\"yoast-schema-graph\">{\"@context\":\"https:\/\/schema.org\",\"@graph\":[{\"@type\":\"WebPage\",\"@id\":\"https:\/\/dublagembrasileira.com.br\/?page_id=791\",\"url\":\"https:\/\/dublagembrasileira.com.br\/?page_id=791\",\"name\":\"Pol\u00edtica de coment\u00e1rios | DB - Dublagem Brasileira\",\"isPartOf\":{\"@id\":\"https:\/\/dublagembrasileira.com.br\/#website\"},\"datePublished\":\"2019-07-16T19:08:37+00:00\",\"dateModified\":\"2019-08-20T14:10:40+00:00\",\"breadcrumb\":{\"@id\":\"https:\/\/dublagembrasileira.com.br\/?page_id=791#breadcrumb\"},\"inLanguage\":\"pt-BR\",\"potentialAction\":[{\"@type\":\"ReadAction\",\"target\":[\"https:\/\/dublagembrasileira.com.br\/?page_id=791\"]}]},{\"@type\":\"BreadcrumbList\",\"@id\":\"https:\/\/dublagembrasileira.com.br\/?page_id=791#breadcrumb\",\"itemListElement\":[{\"@type\":\"ListItem\",\"position\":1,\"name\":\"In\u00edcio\",\"item\":\"https:\/\/dublagembrasileira.com.br\/\"},{\"@type\":\"ListItem\",\"position\":2,\"name\":\"Pol\u00edtica de coment\u00e1rios\"}]},{\"@type\":\"WebSite\",\"@id\":\"https:\/\/dublagembrasileira.com.br\/#website\",\"url\":\"https:\/\/dublagembrasileira.com.br\/\",\"name\":\"DB - Dublagem Brasileira\",\"description\":\"O seu portal de dublagem.\",\"publisher\":{\"@id\":\"https:\/\/dublagembrasileira.com.br\/#organization\"},\"potentialAction\":[{\"@type\":\"SearchAction\",\"target\":{\"@type\":\"EntryPoint\",\"urlTemplate\":\"https:\/\/dublagembrasileira.com.br\/?s={search_term_string}\"},\"query-input\":{\"@type\":\"PropertyValueSpecification\",\"valueRequired\":true,\"valueName\":\"search_term_string\"}}],\"inLanguage\":\"pt-BR\"},{\"@type\":\"Organization\",\"@id\":\"https:\/\/dublagembrasileira.com.br\/#organization\",\"name\":\"DB - Dublagem Brasileira\",\"url\":\"https:\/\/dublagembrasileira.com.br\/\",\"logo\":{\"@type\":\"ImageObject\",\"inLanguage\":\"pt-BR\",\"@id\":\"https:\/\/dublagembrasileira.com.br\/#\/schema\/logo\/image\/\",\"url\":\"https:\/\/dublagembrasileira.com.br\/wp-content\/uploads\/2019\/07\/cropped-logotipodb.png\",\"contentUrl\":\"https:\/\/dublagembrasileira.com.br\/wp-content\/uploads\/2019\/07\/cropped-logotipodb.png\",\"width\":946,\"height\":589,\"caption\":\"DB - Dublagem Brasileira\"},\"image\":{\"@id\":\"https:\/\/dublagembrasileira.com.br\/#\/schema\/logo\/image\/\"}}]}<\/script>\n<!-- \/ Yoast SEO plugin. -->","yoast_head_json":{"title":"Pol\u00edtica de coment\u00e1rios | DB - Dublagem Brasileira","robots":{"index":"index","follow":"follow","max-snippet":"max-snippet:-1","max-image-preview":"max-image-preview:large","max-video-preview":"max-video-preview:-1"},"canonical":"https:\/\/dublagembrasileira.com.br\/?page_id=791","og_locale":"pt_BR","og_type":"article","og_title":"Pol\u00edtica de coment\u00e1rios | DB - Dublagem Brasileira","og_description":"Para postar seus coment\u00e1rios sobre as mat\u00e9rias publicadas no site DB &#8211; Dublagem Brasileira voc\u00ea precisa se cadastrar no Disqus de forma r\u00e1pida e gratuita. &nbsp; Antes de postar alguma mensagem esteja ciente que: &#8211; O DB &#8211; Dublagem Brasileira disponibiliza este espa\u00e7o exclusivamente para que seus visitantes expressem suas opini\u00f5es e debatam as mat\u00e9rias veiculadas no site. &#8211; N\u00e3o ser\u00e1 admitido o uso deste espa\u00e7o para veicula\u00e7\u00e3o de propaganda, spam ou qualquer outra finalidade que n\u00e3o a discuss\u00e3o dos temas do site. &#8211; As opini\u00f5es expressas na \u00e1rea de coment\u00e1rios s\u00e3o exclusivamente de seus autores, e n\u00e3o necessariamente refletem a opini\u00e3o do DB &#8211; Dublagem Brasileira e de seus editores sobre o assunto. &#8211; Os autores dos coment\u00e1rios s\u00e3o civil e criminalmente respons\u00e1veis por publicar qualquer conte\u00fado que viole a lei (incluindo crimes contra a honra, amea\u00e7a, preconceito e discrimina\u00e7\u00e3o). &#8211; Os usu\u00e1rios que se sentirem ofendidos por quaisquer coment\u00e1rios publicados no site poder\u00e3o denunci\u00e1-los ao DB &#8211; Dublagem Brasileira. Clique aqui para isso. &#8211; O DB &#8211; Dublagem Brasileira reserva-se o direito de, independentemente de qualquer aviso ao autor, EXCLUIR qualquer coment\u00e1rio que, a seu exclusivo crit\u00e9rio, considere ofensivo ao seu pessoal ou a qualquer terceiro, bem como a bloquear o acesso de qualquer usu\u00e1rio ao espa\u00e7o de coment\u00e1rios, caso julgue necess\u00e1rio..","og_url":"https:\/\/dublagembrasileira.com.br\/?page_id=791","og_site_name":"DB - Dublagem Brasileira","article_modified_time":"2019-08-20T14:10:40+00:00","twitter_card":"summary_large_image","twitter_misc":{"Est. tempo de leitura":"1 minuto"},"schema":{"@context":"https:\/\/schema.org","@graph":[{"@type":"WebPage","@id":"https:\/\/dublagembrasileira.com.br\/?page_id=791","url":"https:\/\/dublagembrasileira.com.br\/?page_id=791","name":"Pol\u00edtica de coment\u00e1rios | DB - Dublagem Brasileira","isPartOf":{"@id":"https:\/\/dublagembrasileira.com.br\/#website"},"datePublished":"2019-07-16T19:08:37+00:00","dateModified":"2019-08-20T14:10:40+00:00","breadcrumb":{"@id":"https:\/\/dublagembrasileira.com.br\/?page_id=791#breadcrumb"},"inLanguage":"pt-BR","potentialAction":[{"@type":"ReadAction","target":["https:\/\/dublagembrasileira.com.br\/?page_id=791"]}]},{"@type":"BreadcrumbList","@id":"https:\/\/dublagembrasileira.com.br\/?page_id=791#breadcrumb","itemListElement":[{"@type":"ListItem","position":1,"name":"In\u00edcio","item":"https:\/\/dublagembrasileira.com.br\/"},{"@type":"ListItem","position":2,"name":"Pol\u00edtica de coment\u00e1rios"}]},{"@type":"WebSite","@id":"https:\/\/dublagembrasileira.com.br\/#website","url":"https:\/\/dublagembrasileira.com.br\/","name":"DB - Dublagem Brasileira","description":"O seu portal de dublagem.","publisher":{"@id":"https:\/\/dublagembrasileira.com.br\/#organization"},"potentialAction":[{"@type":"SearchAction","target":{"@type":"EntryPoint","urlTemplate":"https:\/\/dublagembrasileira.com.br\/?s={search_term_string}"},"query-input":{"@type":"PropertyValueSpecification","valueRequired":true,"valueName":"search_term_string"}}],"inLanguage":"pt-BR"},{"@type":"Organization","@id":"https:\/\/dublagembrasileira.com.br\/#organization","name":"DB - Dublagem Brasileira","url":"https:\/\/dublagembrasileira.com.br\/","logo":{"@type":"ImageObject","inLanguage":"pt-BR","@id":"https:\/\/dublagembrasileira.com.br\/#\/schema\/logo\/image\/","url":"https:\/\/dublagembrasileira.com.br\/wp-content\/uploads\/2019\/07\/cropped-logotipodb.png","contentUrl":"https:\/\/dublagembrasileira.com.br\/wp-content\/uploads\/2019\/07\/cropped-logotipodb.png","width":946,"height":589,"caption":"DB - Dublagem Brasileira"},"image":{"@id":"https:\/\/dublagembrasileira.com.br\/#\/schema\/logo\/image\/"}}]}},"rttpg_featured_image_url":null,"rttpg_author":{"display_name":"Iza\u00edas Correia","author_link":"https:\/\/dublagembrasileira.com.br\/?author=1"},"rttpg_comment":0,"rttpg_category":null,"rttpg_excerpt":"Para postar seus coment\u00e1rios sobre as mat\u00e9rias publicadas no site DB &#8211; Dublagem Brasileira voc\u00ea precisa se cadastrar no Disqus de forma r\u00e1pida e gratuita. &nbsp; Antes de postar alguma mensagem esteja ciente que: &#8211; O DB &#8211; Dublagem Brasileira disponibiliza este espa\u00e7o exclusivamente para que seus visitantes expressem suas opini\u00f5es e debatam as mat\u00e9rias&hellip;","_links":{"self":[{"href":"https:\/\/dublagembrasileira.com.br\/index.php?rest_route=\/wp\/v2\/pages\/791","targetHints":{"allow":["GET"]}}],"collection":[{"href":"https:\/\/dublagembrasileira.com.br\/index.php?rest_route=\/wp\/v2\/pages"}],"about":[{"href":"https:\/\/dublagembrasileira.com.br\/index.php?rest_route=\/wp\/v2\/types\/page"}],"author":[{"embeddable":true,"href":"https:\/\/dublagembrasileira.com.br\/index.php?rest_route=\/wp\/v2\/users\/1"}],"replies":[{"embeddable":true,"href":"https:\/\/dublagembrasileira.com.br\/index.php?rest_route=%2Fwp%2Fv2%2Fcomments&post=791"}],"version-history":[{"count":3,"href":"https:\/\/dublagembrasileira.com.br\/index.php?rest_route=\/wp\/v2\/pages\/791\/revisions"}],"predecessor-version":[{"id":2224,"href":"https:\/\/dublagembrasileira.com.br\/index.php?rest_route=\/wp\/v2\/pages\/791\/revisions\/2224"}],"wp:attachment":[{"href":"https:\/\/dublagembrasileira.com.br\/index.php?rest_route=%2Fwp%2Fv2%2Fmedia&parent=791"}],"curies":[{"name":"wp","href":"https:\/\/api.w.org\/{rel}","templated":true}]}}