{"id":476,"date":"2019-07-04T15:14:40","date_gmt":"2019-07-04T15:14:40","guid":{"rendered":"http:\/\/dublagembrasileira.com.br\/?page_id=476"},"modified":"2025-06-21T20:37:01","modified_gmt":"2025-06-21T20:37:01","slug":"colaboradores","status":"publish","type":"page","link":"https:\/\/dublagembrasileira.com.br\/?page_id=476","title":{"rendered":"Colaboradores"},"content":{"rendered":"<p><img fetchpriority=\"high\" decoding=\"async\" class=\"wp-image-2203 size-full aligncenter\" src=\"http:\/\/dublagembrasileira.com.br\/wp-content\/uploads\/2019\/08\/pg_colaboradores.jpg\" alt=\"\" width=\"817\" height=\"293\" srcset=\"https:\/\/dublagembrasileira.com.br\/wp-content\/uploads\/2019\/08\/pg_colaboradores.jpg 817w, https:\/\/dublagembrasileira.com.br\/wp-content\/uploads\/2019\/08\/pg_colaboradores-300x108.jpg 300w, https:\/\/dublagembrasileira.com.br\/wp-content\/uploads\/2019\/08\/pg_colaboradores-768x275.jpg 768w\" sizes=\"(max-width: 817px) 100vw, 817px\" \/><\/p>\n<p style=\"text-align: center;\"><div class=\"tmm tmm_colaboradores\"><div class=\"tmm_2_columns tmm_wrap tmm_plugin_f\"><span class=\"tmm_two_containers_tablet\"><\/span><div class=\"tmm_container\"><div class=\"tmm_member\" style=\"border-top:#efa914 solid 5px;\"><div class=\"tmm_photo tmm_pic_colaboradores_0 lazyload\" style=\"background:inherit; margin-left: auto; margin-right:auto; background-size:cover !important;\" data-bg=\"url(http:\/\/dublagembrasileira.com.br\/wp-content\/uploads\/2019\/07\/member.jpg)\"><\/div><div class=\"tmm_textblock\"><div class=\"tmm_names\"><span class=\"tmm_fname\">Iza\u00edas<\/span> <span class=\"tmm_lname\">Correia<\/span><\/div><div class=\"tmm_desc\" style=\"text-align:center\"><p style=\"text-align: justify\">Professor e webdesigner.&nbsp;\u00c9 um pesquisador da hist\u00f3ria da televis\u00e3o brasileira, o que j\u00e1 lhe rendeu mat\u00e9rias em algumas revistas e jornais e entrevista no <strong>Programa do J\u00f4<\/strong>.<\/p><\/div><div class=\"tmm_scblock\"><a target=\"_blank\" class=\"tmm_sociallink\" href=\"https:\/\/www.facebook.com\/izaias.correia.5\" title=\"Facebook\"><img decoding=\"async\" alt=\"Facebook\" data-src=\"https:\/\/dublagembrasileira.com.br\/wp-content\/plugins\/team-members\/inc\/img\/links\/facebook.png\" src=\"data:image\/svg+xml;base64,PHN2ZyB3aWR0aD0iMSIgaGVpZ2h0PSIxIiB4bWxucz0iaHR0cDovL3d3dy53My5vcmcvMjAwMC9zdmciPjwvc3ZnPg==\" class=\"lazyload\" style=\"--smush-placeholder-width: 32px; --smush-placeholder-aspect-ratio: 32\/32;\" \/><\/a><a class=\"tmm_sociallink\" href=\"mailto:i&#122;aia&#115;c&#111;r&#114;e&#105;&#097;&#064;&#103;m&#097;&#105;l&#046;c&#111;m\" title=\"Email\"><img decoding=\"async\" alt=\"Email\" data-src=\"https:\/\/dublagembrasileira.com.br\/wp-content\/plugins\/team-members\/inc\/img\/links\/email.png\" src=\"data:image\/svg+xml;base64,PHN2ZyB3aWR0aD0iMSIgaGVpZ2h0PSIxIiB4bWxucz0iaHR0cDovL3d3dy53My5vcmcvMjAwMC9zdmciPjwvc3ZnPg==\" class=\"lazyload\" style=\"--smush-placeholder-width: 32px; --smush-placeholder-aspect-ratio: 32\/32;\" \/><\/a><a target=\"_blank\" class=\"tmm_sociallink\" href=\"http:\/\/www.infantv.com.br\" title=\"Site\"><img decoding=\"async\" alt=\"Site\" data-src=\"https:\/\/dublagembrasileira.com.br\/wp-content\/plugins\/team-members\/inc\/img\/links\/website.png\" src=\"data:image\/svg+xml;base64,PHN2ZyB3aWR0aD0iMSIgaGVpZ2h0PSIxIiB4bWxucz0iaHR0cDovL3d3dy53My5vcmcvMjAwMC9zdmciPjwvc3ZnPg==\" class=\"lazyload\" style=\"--smush-placeholder-width: 32px; --smush-placeholder-aspect-ratio: 32\/32;\" \/><\/a><\/div><\/div><\/div><div class=\"tmm_member\" style=\"border-top:#efa914 solid 5px;\"><div class=\"tmm_photo tmm_pic_colaboradores_1 lazyload\" style=\"background:inherit; margin-left: auto; margin-right:auto; background-size:cover !important;\" data-bg=\"url(http:\/\/dublagembrasileira.com.br\/wp-content\/uploads\/2019\/07\/member-1.jpg)\"><\/div><div class=\"tmm_textblock\"><div class=\"tmm_names\"><span class=\"tmm_fname\">Marco Ant\u00f4nio<\/span> <span class=\"tmm_lname\">dos Santos<\/span><\/div><div class=\"tmm_desc\" style=\"text-align:center\"><p style=\"text-align: justify\">Professor e blogueiro, Ele possui &nbsp;uma mem\u00f3ria incompar\u00e1vel quando o assunto \u00e9 s\u00e9ries e desenhos antigos. \u00c9 respons\u00e1vel pelo blog&nbsp;<a href=\"http:\/\/universoaicsp.blogspot.com\/\">Universo AIC<\/a>, uma refer\u00eancia sobre dublagem.<\/p><\/div><div class=\"tmm_scblock\"><a target=\"_blank\" class=\"tmm_sociallink\" href=\"https:\/\/www.facebook.com\/retrotvs\" title=\"Facebook\"><img decoding=\"async\" alt=\"Facebook\" data-src=\"https:\/\/dublagembrasileira.com.br\/wp-content\/plugins\/team-members\/inc\/img\/links\/facebook.png\" src=\"data:image\/svg+xml;base64,PHN2ZyB3aWR0aD0iMSIgaGVpZ2h0PSIxIiB4bWxucz0iaHR0cDovL3d3dy53My5vcmcvMjAwMC9zdmciPjwvc3ZnPg==\" class=\"lazyload\" style=\"--smush-placeholder-width: 32px; --smush-placeholder-aspect-ratio: 32\/32;\" \/><\/a><a class=\"tmm_sociallink\" href=\"mailto:u&#110;&#105;v&#101;&#114;so&#097;&#105;&#099;&#064;&#121;a&#104;oo&#046;&#099;&#111;m&#046;b&#114;\" title=\"Email\"><img decoding=\"async\" alt=\"Email\" data-src=\"https:\/\/dublagembrasileira.com.br\/wp-content\/plugins\/team-members\/inc\/img\/links\/email.png\" src=\"data:image\/svg+xml;base64,PHN2ZyB3aWR0aD0iMSIgaGVpZ2h0PSIxIiB4bWxucz0iaHR0cDovL3d3dy53My5vcmcvMjAwMC9zdmciPjwvc3ZnPg==\" class=\"lazyload\" style=\"--smush-placeholder-width: 32px; --smush-placeholder-aspect-ratio: 32\/32;\" \/><\/a><a target=\"_blank\" class=\"tmm_sociallink\" href=\"http:\/\/universoaicsp.blogspot.com\/\" title=\"Site\"><img decoding=\"async\" alt=\"Site\" data-src=\"https:\/\/dublagembrasileira.com.br\/wp-content\/plugins\/team-members\/inc\/img\/links\/website.png\" src=\"data:image\/svg+xml;base64,PHN2ZyB3aWR0aD0iMSIgaGVpZ2h0PSIxIiB4bWxucz0iaHR0cDovL3d3dy53My5vcmcvMjAwMC9zdmciPjwvc3ZnPg==\" class=\"lazyload\" style=\"--smush-placeholder-width: 32px; --smush-placeholder-aspect-ratio: 32\/32;\" \/><\/a><\/div><\/div><\/div><span class=\"tmm_two_containers_tablet\"><\/span><\/div><span class=\"tmm_columns_containers_desktop\"><\/span><div class=\"tmm_container\"><div class=\"tmm_member\" style=\"border-top:#efa914 solid 5px;\"><div class=\"tmm_photo tmm_pic_colaboradores_2 lazyload\" style=\"background:inherit; margin-left: auto; margin-right:auto; background-size:cover !important;\" data-bg=\"url(http:\/\/dublagembrasileira.com.br\/wp-content\/uploads\/2019\/07\/carlosa.jpg)\"><\/div><div class=\"tmm_textblock\"><div class=\"tmm_names\"><span class=\"tmm_fname\">Carlos<\/span> <span class=\"tmm_lname\">Amorim<\/span><\/div><div class=\"tmm_desc\" style=\"text-align:center\"><p style=\"text-align: justify\">Advogado, pesquisador e apresentador do programa de r\u00e1dio. \u00c9 respons\u00e1vel pelo CineTvNews na R\u00e1dio Sintonia FM que fala de quadrinhos, cinema, s\u00e9ries e dublagem.<\/p><\/div><div class=\"tmm_scblock\"><a target=\"_blank\" class=\"tmm_sociallink\" href=\"https:\/\/www.facebook.com\/profile.php?id=100000355847210&#038;ref=br_rs\" title=\"Facebook\"><img decoding=\"async\" alt=\"Facebook\" data-src=\"https:\/\/dublagembrasileira.com.br\/wp-content\/plugins\/team-members\/inc\/img\/links\/facebook.png\" src=\"data:image\/svg+xml;base64,PHN2ZyB3aWR0aD0iMSIgaGVpZ2h0PSIxIiB4bWxucz0iaHR0cDovL3d3dy53My5vcmcvMjAwMC9zdmciPjwvc3ZnPg==\" class=\"lazyload\" style=\"--smush-placeholder-width: 32px; --smush-placeholder-aspect-ratio: 32\/32;\" \/><\/a><a class=\"tmm_sociallink\" href=\"\" title=\"Email\"><img decoding=\"async\" alt=\"Email\" data-src=\"https:\/\/dublagembrasileira.com.br\/wp-content\/plugins\/team-members\/inc\/img\/links\/email.png\" src=\"data:image\/svg+xml;base64,PHN2ZyB3aWR0aD0iMSIgaGVpZ2h0PSIxIiB4bWxucz0iaHR0cDovL3d3dy53My5vcmcvMjAwMC9zdmciPjwvc3ZnPg==\" class=\"lazyload\" style=\"--smush-placeholder-width: 32px; --smush-placeholder-aspect-ratio: 32\/32;\" \/><\/a><a target=\"_blank\" class=\"tmm_sociallink\" href=\"http:\/\/cinetvnewsvirtual.blogspot.com\" title=\"Site\"><img decoding=\"async\" alt=\"Site\" data-src=\"https:\/\/dublagembrasileira.com.br\/wp-content\/plugins\/team-members\/inc\/img\/links\/website.png\" src=\"data:image\/svg+xml;base64,PHN2ZyB3aWR0aD0iMSIgaGVpZ2h0PSIxIiB4bWxucz0iaHR0cDovL3d3dy53My5vcmcvMjAwMC9zdmciPjwvc3ZnPg==\" class=\"lazyload\" style=\"--smush-placeholder-width: 32px; --smush-placeholder-aspect-ratio: 32\/32;\" \/><\/a><\/div><\/div><\/div><div class=\"tmm_member\" style=\"border-top:#efa914 solid 5px;\"><div class=\"tmm_photo tmm_pic_colaboradores_3 lazyload\" style=\"background:inherit; margin-left: auto; margin-right:auto; background-size:cover !important;\" data-bg=\"url(http:\/\/dublagembrasileira.com.br\/wp-content\/uploads\/2019\/07\/member-2.jpg)\"><\/div><div class=\"tmm_textblock\"><div class=\"tmm_names\"><span class=\"tmm_fname\">Augusto<\/span> <span class=\"tmm_lname\">Bisson<\/span><\/div><div class=\"tmm_desc\" style=\"text-align:center\"><p style=\"text-align: justify\">Jornalista e escritor. Al\u00e9m de saber&nbsp;datas e emissoras de programas cl\u00e1ssicos no Brasil, Augusto Bisson possui um ouvido eficiente na identifica\u00e7\u00e3o de dubladores antigos.<\/p><\/div><div class=\"tmm_scblock\"><a target=\"_blank\" class=\"tmm_sociallink\" href=\"https:\/\/www.facebook.com\/augusto.bisson\" title=\"Facebook\"><img decoding=\"async\" alt=\"Facebook\" data-src=\"https:\/\/dublagembrasileira.com.br\/wp-content\/plugins\/team-members\/inc\/img\/links\/facebook.png\" src=\"data:image\/svg+xml;base64,PHN2ZyB3aWR0aD0iMSIgaGVpZ2h0PSIxIiB4bWxucz0iaHR0cDovL3d3dy53My5vcmcvMjAwMC9zdmciPjwvc3ZnPg==\" class=\"lazyload\" style=\"--smush-placeholder-width: 32px; --smush-placeholder-aspect-ratio: 32\/32;\" \/><\/a><a class=\"tmm_sociallink\" href=\"\" title=\"Email\"><img decoding=\"async\" alt=\"Email\" data-src=\"https:\/\/dublagembrasileira.com.br\/wp-content\/plugins\/team-members\/inc\/img\/links\/email.png\" src=\"data:image\/svg+xml;base64,PHN2ZyB3aWR0aD0iMSIgaGVpZ2h0PSIxIiB4bWxucz0iaHR0cDovL3d3dy53My5vcmcvMjAwMC9zdmciPjwvc3ZnPg==\" class=\"lazyload\" style=\"--smush-placeholder-width: 32px; --smush-placeholder-aspect-ratio: 32\/32;\" \/><\/a><\/div><\/div><\/div><span class=\"tmm_two_containers_tablet\"><\/span><\/div><span class=\"tmm_columns_containers_desktop\"><\/span><div class=\"tmm_container\"><div class=\"tmm_member\" style=\"border-top:#efa914 solid 5px;\"><div class=\"tmm_photo tmm_pic_colaboradores_4 lazyload\" style=\"background:inherit; margin-left: auto; margin-right:auto; background-size:cover !important;\" data-bg=\"url(http:\/\/dublagembrasileira.com.br\/wp-content\/uploads\/2019\/07\/member-3.jpg)\"><\/div><div class=\"tmm_textblock\"><div class=\"tmm_names\"><span class=\"tmm_fname\">Nizo<\/span> <span class=\"tmm_lname\">Neto<\/span><\/div><div class=\"tmm_desc\" style=\"text-align:center\"><p style=\"text-align: justify\">Ator, dublador, m\u00e1gico, blogueiro e nas horas vagas consultor aqui do <strong>DB - Dublagem Brasileira<\/strong>. Nizo tem uma excelente mem\u00f3ria para levantar elencos de dublagem de produ\u00e7\u00f5es antigas.<\/p><\/div><div class=\"tmm_scblock\"><a target=\"_blank\" class=\"tmm_sociallink\" href=\"https:\/\/www.facebook.com\/netonizo\" title=\"Facebook\"><img decoding=\"async\" alt=\"Facebook\" data-src=\"https:\/\/dublagembrasileira.com.br\/wp-content\/plugins\/team-members\/inc\/img\/links\/facebook.png\" src=\"data:image\/svg+xml;base64,PHN2ZyB3aWR0aD0iMSIgaGVpZ2h0PSIxIiB4bWxucz0iaHR0cDovL3d3dy53My5vcmcvMjAwMC9zdmciPjwvc3ZnPg==\" class=\"lazyload\" style=\"--smush-placeholder-width: 32px; --smush-placeholder-aspect-ratio: 32\/32;\" \/><\/a><a target=\"_blank\" class=\"tmm_sociallink\" href=\"https:\/\/www.instagram.com\/netonizo\" title=\"Instagram\"><img decoding=\"async\" alt=\"Instagram\" data-src=\"https:\/\/dublagembrasileira.com.br\/wp-content\/plugins\/team-members\/inc\/img\/links\/instagram.png\" src=\"data:image\/svg+xml;base64,PHN2ZyB3aWR0aD0iMSIgaGVpZ2h0PSIxIiB4bWxucz0iaHR0cDovL3d3dy53My5vcmcvMjAwMC9zdmciPjwvc3ZnPg==\" class=\"lazyload\" style=\"--smush-placeholder-width: 32px; --smush-placeholder-aspect-ratio: 32\/32;\" \/><\/a><a target=\"_blank\" class=\"tmm_sociallink\" href=\"https:\/\/www.facebook.com\/nizonetoprofissa\" title=\"Fanpage\"><img decoding=\"async\" alt=\"Fanpage\" data-src=\"https:\/\/dublagembrasileira.com.br\/wp-content\/plugins\/team-members\/inc\/img\/links\/customlink.png\" src=\"data:image\/svg+xml;base64,PHN2ZyB3aWR0aD0iMSIgaGVpZ2h0PSIxIiB4bWxucz0iaHR0cDovL3d3dy53My5vcmcvMjAwMC9zdmciPjwvc3ZnPg==\" class=\"lazyload\" style=\"--smush-placeholder-width: 32px; --smush-placeholder-aspect-ratio: 32\/32;\" \/><\/a><\/div><\/div><\/div><div class=\"tmm_member\" style=\"border-top:#efa914 solid 5px;\"><div class=\"tmm_photo tmm_pic_colaboradores_5 lazyload\" style=\"background:inherit; margin-left: auto; margin-right:auto; background-size:cover !important;\" data-bg=\"url(http:\/\/dublagembrasileira.com.br\/wp-content\/uploads\/2019\/07\/member-4.jpg)\"><\/div><div class=\"tmm_textblock\"><div class=\"tmm_names\"><span class=\"tmm_fname\">Ivan<\/span> <span class=\"tmm_lname\">Betarelli<\/span><\/div><div class=\"tmm_desc\" style=\"text-align:center\"><p style=\"text-align: justify\">Blogueiro. seu nome \u00e9 refer\u00eancia quando o assunto \u00e9 dublagem paulista. Ivan \u00e9 respons\u00e1vel por ter trazido pra web grande parte das informa\u00e7\u00f5es sobre dublagem. \u00c9 dono do blog&nbsp;<a href=\"http:\/\/falandodedublagem.blogspot.com\/\">Falando de Dublagem<\/a>.<\/p><\/div><div class=\"tmm_scblock\"><a target=\"_blank\" class=\"tmm_sociallink\" href=\"https:\/\/www.facebook.com\/ivan.betarelli\" title=\"Facebook\"><img decoding=\"async\" alt=\"Facebook\" data-src=\"https:\/\/dublagembrasileira.com.br\/wp-content\/plugins\/team-members\/inc\/img\/links\/facebook.png\" src=\"data:image\/svg+xml;base64,PHN2ZyB3aWR0aD0iMSIgaGVpZ2h0PSIxIiB4bWxucz0iaHR0cDovL3d3dy53My5vcmcvMjAwMC9zdmciPjwvc3ZnPg==\" class=\"lazyload\" style=\"--smush-placeholder-width: 32px; --smush-placeholder-aspect-ratio: 32\/32;\" \/><\/a><a target=\"_blank\" class=\"tmm_sociallink\" href=\"http:\/\/falandodedublagem.blogspot.com\" title=\"Site\"><img decoding=\"async\" alt=\"Site\" data-src=\"https:\/\/dublagembrasileira.com.br\/wp-content\/plugins\/team-members\/inc\/img\/links\/website.png\" src=\"data:image\/svg+xml;base64,PHN2ZyB3aWR0aD0iMSIgaGVpZ2h0PSIxIiB4bWxucz0iaHR0cDovL3d3dy53My5vcmcvMjAwMC9zdmciPjwvc3ZnPg==\" class=\"lazyload\" style=\"--smush-placeholder-width: 32px; --smush-placeholder-aspect-ratio: 32\/32;\" \/><\/a><\/div><\/div><\/div><div style=\"clear:both;\"><\/div><\/div><\/div><\/div>\n","protected":false},"excerpt":{"rendered":"","protected":false},"author":1,"featured_media":2203,"parent":0,"menu_order":0,"comment_status":"closed","ping_status":"closed","template":"","meta":{"_monsterinsights_skip_tracking":false,"_monsterinsights_sitenote_active":false,"_monsterinsights_sitenote_note":"","_monsterinsights_sitenote_category":0,"footnotes":""},"class_list":["post-476","page","type-page","status-publish","has-post-thumbnail","hentry"],"yoast_head":"<!-- This site is optimized with the Yoast SEO plugin v26.1.1 - https:\/\/yoast.com\/wordpress\/plugins\/seo\/ -->\n<title>Colaboradores | DB - Dublagem Brasileira<\/title>\n<meta name=\"description\" content=\"Quem ajuda a fazer o DB\" \/>\n<meta name=\"robots\" content=\"index, follow, max-snippet:-1, max-image-preview:large, max-video-preview:-1\" \/>\n<link rel=\"canonical\" href=\"https:\/\/dublagembrasileira.com.br\/?page_id=476\" \/>\n<meta property=\"og:locale\" content=\"pt_BR\" \/>\n<meta property=\"og:type\" content=\"article\" \/>\n<meta property=\"og:title\" content=\"Colaboradores | DB - Dublagem Brasileira\" \/>\n<meta property=\"og:description\" content=\"Quem ajuda a fazer o DB\" \/>\n<meta property=\"og:url\" content=\"https:\/\/dublagembrasileira.com.br\/?page_id=476\" \/>\n<meta property=\"og:site_name\" content=\"DB - Dublagem Brasileira\" \/>\n<meta property=\"article:modified_time\" content=\"2025-06-21T20:37:01+00:00\" \/>\n<meta property=\"og:image\" content=\"http:\/\/dublagembrasileira.com.br\/wp-content\/uploads\/2019\/08\/pg_colaboradores.jpg\" \/>\n\t<meta property=\"og:image:width\" content=\"817\" \/>\n\t<meta property=\"og:image:height\" content=\"293\" \/>\n\t<meta property=\"og:image:type\" content=\"image\/jpeg\" \/>\n<meta name=\"twitter:card\" content=\"summary_large_image\" \/>\n<meta name=\"twitter:label1\" content=\"Est. tempo de leitura\" \/>\n\t<meta name=\"twitter:data1\" content=\"1 minuto\" \/>\n<script type=\"application\/ld+json\" class=\"yoast-schema-graph\">{\"@context\":\"https:\/\/schema.org\",\"@graph\":[{\"@type\":\"WebPage\",\"@id\":\"https:\/\/dublagembrasileira.com.br\/?page_id=476\",\"url\":\"https:\/\/dublagembrasileira.com.br\/?page_id=476\",\"name\":\"Colaboradores | DB - Dublagem Brasileira\",\"isPartOf\":{\"@id\":\"https:\/\/dublagembrasileira.com.br\/#website\"},\"primaryImageOfPage\":{\"@id\":\"https:\/\/dublagembrasileira.com.br\/?page_id=476#primaryimage\"},\"image\":{\"@id\":\"https:\/\/dublagembrasileira.com.br\/?page_id=476#primaryimage\"},\"thumbnailUrl\":\"https:\/\/dublagembrasileira.com.br\/wp-content\/uploads\/2019\/08\/pg_colaboradores.jpg\",\"datePublished\":\"2019-07-04T15:14:40+00:00\",\"dateModified\":\"2025-06-21T20:37:01+00:00\",\"description\":\"Quem ajuda a fazer o DB\",\"breadcrumb\":{\"@id\":\"https:\/\/dublagembrasileira.com.br\/?page_id=476#breadcrumb\"},\"inLanguage\":\"pt-BR\",\"potentialAction\":[{\"@type\":\"ReadAction\",\"target\":[\"https:\/\/dublagembrasileira.com.br\/?page_id=476\"]}]},{\"@type\":\"ImageObject\",\"inLanguage\":\"pt-BR\",\"@id\":\"https:\/\/dublagembrasileira.com.br\/?page_id=476#primaryimage\",\"url\":\"https:\/\/dublagembrasileira.com.br\/wp-content\/uploads\/2019\/08\/pg_colaboradores.jpg\",\"contentUrl\":\"https:\/\/dublagembrasileira.com.br\/wp-content\/uploads\/2019\/08\/pg_colaboradores.jpg\",\"width\":817,\"height\":293},{\"@type\":\"BreadcrumbList\",\"@id\":\"https:\/\/dublagembrasileira.com.br\/?page_id=476#breadcrumb\",\"itemListElement\":[{\"@type\":\"ListItem\",\"position\":1,\"name\":\"In\u00edcio\",\"item\":\"https:\/\/dublagembrasileira.com.br\/\"},{\"@type\":\"ListItem\",\"position\":2,\"name\":\"Colaboradores\"}]},{\"@type\":\"WebSite\",\"@id\":\"https:\/\/dublagembrasileira.com.br\/#website\",\"url\":\"https:\/\/dublagembrasileira.com.br\/\",\"name\":\"DB - Dublagem Brasileira\",\"description\":\"O seu portal de dublagem.\",\"publisher\":{\"@id\":\"https:\/\/dublagembrasileira.com.br\/#organization\"},\"potentialAction\":[{\"@type\":\"SearchAction\",\"target\":{\"@type\":\"EntryPoint\",\"urlTemplate\":\"https:\/\/dublagembrasileira.com.br\/?s={search_term_string}\"},\"query-input\":{\"@type\":\"PropertyValueSpecification\",\"valueRequired\":true,\"valueName\":\"search_term_string\"}}],\"inLanguage\":\"pt-BR\"},{\"@type\":\"Organization\",\"@id\":\"https:\/\/dublagembrasileira.com.br\/#organization\",\"name\":\"DB - Dublagem Brasileira\",\"url\":\"https:\/\/dublagembrasileira.com.br\/\",\"logo\":{\"@type\":\"ImageObject\",\"inLanguage\":\"pt-BR\",\"@id\":\"https:\/\/dublagembrasileira.com.br\/#\/schema\/logo\/image\/\",\"url\":\"https:\/\/dublagembrasileira.com.br\/wp-content\/uploads\/2019\/07\/cropped-logotipodb.png\",\"contentUrl\":\"https:\/\/dublagembrasileira.com.br\/wp-content\/uploads\/2019\/07\/cropped-logotipodb.png\",\"width\":946,\"height\":589,\"caption\":\"DB - Dublagem Brasileira\"},\"image\":{\"@id\":\"https:\/\/dublagembrasileira.com.br\/#\/schema\/logo\/image\/\"}}]}<\/script>\n<!-- \/ Yoast SEO plugin. -->","yoast_head_json":{"title":"Colaboradores | DB - Dublagem Brasileira","description":"Quem ajuda a fazer o DB","robots":{"index":"index","follow":"follow","max-snippet":"max-snippet:-1","max-image-preview":"max-image-preview:large","max-video-preview":"max-video-preview:-1"},"canonical":"https:\/\/dublagembrasileira.com.br\/?page_id=476","og_locale":"pt_BR","og_type":"article","og_title":"Colaboradores | DB - Dublagem Brasileira","og_description":"Quem ajuda a fazer o DB","og_url":"https:\/\/dublagembrasileira.com.br\/?page_id=476","og_site_name":"DB - Dublagem Brasileira","article_modified_time":"2025-06-21T20:37:01+00:00","og_image":[{"width":817,"height":293,"url":"http:\/\/dublagembrasileira.com.br\/wp-content\/uploads\/2019\/08\/pg_colaboradores.jpg","type":"image\/jpeg"}],"twitter_card":"summary_large_image","twitter_misc":{"Est. tempo de leitura":"1 minuto"},"schema":{"@context":"https:\/\/schema.org","@graph":[{"@type":"WebPage","@id":"https:\/\/dublagembrasileira.com.br\/?page_id=476","url":"https:\/\/dublagembrasileira.com.br\/?page_id=476","name":"Colaboradores | DB - Dublagem Brasileira","isPartOf":{"@id":"https:\/\/dublagembrasileira.com.br\/#website"},"primaryImageOfPage":{"@id":"https:\/\/dublagembrasileira.com.br\/?page_id=476#primaryimage"},"image":{"@id":"https:\/\/dublagembrasileira.com.br\/?page_id=476#primaryimage"},"thumbnailUrl":"https:\/\/dublagembrasileira.com.br\/wp-content\/uploads\/2019\/08\/pg_colaboradores.jpg","datePublished":"2019-07-04T15:14:40+00:00","dateModified":"2025-06-21T20:37:01+00:00","description":"Quem ajuda a fazer o DB","breadcrumb":{"@id":"https:\/\/dublagembrasileira.com.br\/?page_id=476#breadcrumb"},"inLanguage":"pt-BR","potentialAction":[{"@type":"ReadAction","target":["https:\/\/dublagembrasileira.com.br\/?page_id=476"]}]},{"@type":"ImageObject","inLanguage":"pt-BR","@id":"https:\/\/dublagembrasileira.com.br\/?page_id=476#primaryimage","url":"https:\/\/dublagembrasileira.com.br\/wp-content\/uploads\/2019\/08\/pg_colaboradores.jpg","contentUrl":"https:\/\/dublagembrasileira.com.br\/wp-content\/uploads\/2019\/08\/pg_colaboradores.jpg","width":817,"height":293},{"@type":"BreadcrumbList","@id":"https:\/\/dublagembrasileira.com.br\/?page_id=476#breadcrumb","itemListElement":[{"@type":"ListItem","position":1,"name":"In\u00edcio","item":"https:\/\/dublagembrasileira.com.br\/"},{"@type":"ListItem","position":2,"name":"Colaboradores"}]},{"@type":"WebSite","@id":"https:\/\/dublagembrasileira.com.br\/#website","url":"https:\/\/dublagembrasileira.com.br\/","name":"DB - Dublagem Brasileira","description":"O seu portal de dublagem.","publisher":{"@id":"https:\/\/dublagembrasileira.com.br\/#organization"},"potentialAction":[{"@type":"SearchAction","target":{"@type":"EntryPoint","urlTemplate":"https:\/\/dublagembrasileira.com.br\/?s={search_term_string}"},"query-input":{"@type":"PropertyValueSpecification","valueRequired":true,"valueName":"search_term_string"}}],"inLanguage":"pt-BR"},{"@type":"Organization","@id":"https:\/\/dublagembrasileira.com.br\/#organization","name":"DB - Dublagem Brasileira","url":"https:\/\/dublagembrasileira.com.br\/","logo":{"@type":"ImageObject","inLanguage":"pt-BR","@id":"https:\/\/dublagembrasileira.com.br\/#\/schema\/logo\/image\/","url":"https:\/\/dublagembrasileira.com.br\/wp-content\/uploads\/2019\/07\/cropped-logotipodb.png","contentUrl":"https:\/\/dublagembrasileira.com.br\/wp-content\/uploads\/2019\/07\/cropped-logotipodb.png","width":946,"height":589,"caption":"DB - Dublagem Brasileira"},"image":{"@id":"https:\/\/dublagembrasileira.com.br\/#\/schema\/logo\/image\/"}}]}},"rttpg_featured_image_url":{"full":["https:\/\/dublagembrasileira.com.br\/wp-content\/uploads\/2019\/08\/pg_colaboradores.jpg",817,293,false],"landscape":["https:\/\/dublagembrasileira.com.br\/wp-content\/uploads\/2019\/08\/pg_colaboradores.jpg",817,293,false],"portraits":["https:\/\/dublagembrasileira.com.br\/wp-content\/uploads\/2019\/08\/pg_colaboradores.jpg",817,293,false],"thumbnail":["https:\/\/dublagembrasileira.com.br\/wp-content\/uploads\/2019\/08\/pg_colaboradores-150x150.jpg",150,150,true],"medium":["https:\/\/dublagembrasileira.com.br\/wp-content\/uploads\/2019\/08\/pg_colaboradores-300x108.jpg",300,108,true],"large":["https:\/\/dublagembrasileira.com.br\/wp-content\/uploads\/2019\/08\/pg_colaboradores.jpg",640,230,false],"1536x1536":["https:\/\/dublagembrasileira.com.br\/wp-content\/uploads\/2019\/08\/pg_colaboradores.jpg",817,293,false],"2048x2048":["https:\/\/dublagembrasileira.com.br\/wp-content\/uploads\/2019\/08\/pg_colaboradores.jpg",817,293,false],"eggnews-slider-large":["https:\/\/dublagembrasileira.com.br\/wp-content\/uploads\/2019\/08\/pg_colaboradores.jpg",817,293,false],"eggnews-featured-medium":["https:\/\/dublagembrasileira.com.br\/wp-content\/uploads\/2019\/08\/pg_colaboradores-420x293.jpg",420,293,true],"eggnews-featured-long":["https:\/\/dublagembrasileira.com.br\/wp-content\/uploads\/2019\/08\/pg_colaboradores-300x293.jpg",300,293,true],"eggnews-block-medium":["https:\/\/dublagembrasileira.com.br\/wp-content\/uploads\/2019\/08\/pg_colaboradores-464x290.jpg",464,290,true],"eggnews-carousel-image":["https:\/\/dublagembrasileira.com.br\/wp-content\/uploads\/2019\/08\/pg_colaboradores-600x293.jpg",600,293,true],"eggnews-block-thumb":["https:\/\/dublagembrasileira.com.br\/wp-content\/uploads\/2019\/08\/pg_colaboradores-322x230.jpg",322,230,true],"eggnews-single-large":["https:\/\/dublagembrasileira.com.br\/wp-content\/uploads\/2019\/08\/pg_colaboradores.jpg",817,293,false],"crp_thumbnail":["https:\/\/dublagembrasileira.com.br\/wp-content\/uploads\/2019\/08\/pg_colaboradores-150x150.jpg",150,150,true]},"rttpg_author":{"display_name":"Iza\u00edas Correia","author_link":"https:\/\/dublagembrasileira.com.br\/?author=1"},"rttpg_comment":0,"rttpg_category":null,"rttpg_excerpt":null,"_links":{"self":[{"href":"https:\/\/dublagembrasileira.com.br\/index.php?rest_route=\/wp\/v2\/pages\/476","targetHints":{"allow":["GET"]}}],"collection":[{"href":"https:\/\/dublagembrasileira.com.br\/index.php?rest_route=\/wp\/v2\/pages"}],"about":[{"href":"https:\/\/dublagembrasileira.com.br\/index.php?rest_route=\/wp\/v2\/types\/page"}],"author":[{"embeddable":true,"href":"https:\/\/dublagembrasileira.com.br\/index.php?rest_route=\/wp\/v2\/users\/1"}],"replies":[{"embeddable":true,"href":"https:\/\/dublagembrasileira.com.br\/index.php?rest_route=%2Fwp%2Fv2%2Fcomments&post=476"}],"version-history":[{"count":3,"href":"https:\/\/dublagembrasileira.com.br\/index.php?rest_route=\/wp\/v2\/pages\/476\/revisions"}],"predecessor-version":[{"id":26998,"href":"https:\/\/dublagembrasileira.com.br\/index.php?rest_route=\/wp\/v2\/pages\/476\/revisions\/26998"}],"wp:featuredmedia":[{"embeddable":true,"href":"https:\/\/dublagembrasileira.com.br\/index.php?rest_route=\/wp\/v2\/media\/2203"}],"wp:attachment":[{"href":"https:\/\/dublagembrasileira.com.br\/index.php?rest_route=%2Fwp%2Fv2%2Fmedia&parent=476"}],"curies":[{"name":"wp","href":"https:\/\/api.w.org\/{rel}","templated":true}]}}